{"id":5,"date":"2015-02-03T09:29:49","date_gmt":"2015-02-03T09:29:49","guid":{"rendered":"http:\/\/www.label-factory.com\/lang\/?page_id=5"},"modified":"2025-07-25T09:24:07","modified_gmt":"2025-07-25T09:24:07","slug":"ueber-uns","status":"publish","type":"page","link":"http:\/\/www.metallbau-lang.at\/wordpress\/ueber-uns\/","title":{"rendered":"\u00dcber uns"},"content":{"rendered":"<h1><a href=\"http:\/\/metallbau-lang.at\/wordpress\/wp-content\/uploads\/2020\/10\/metallbaulang201803260065.jpg\" data-elementor-open-lightbox=\"yes\" data-elementor-lightbox-slideshow=\"all-9f74b8d\" data-elementor-lightbox-title=\"metallbaulang201803260065\"><br \/>\n<\/a><br \/>\n<a href=\"http:\/\/metallbau-lang.at\/wordpress\/wp-content\/uploads\/2020\/10\/metallbaulang201803260064.jpg\" data-elementor-open-lightbox=\"yes\" data-elementor-lightbox-slideshow=\"all-9f74b8d\" data-elementor-lightbox-title=\"metallbaulang201803260064\"><br \/>\n<\/a><a href=\"http:\/\/www.metallbau-lang.at\/wordpress\/wp-content\/uploads\/2020\/10\/metallbaulang201803260064.jpg\"><img loading=\"lazy\" decoding=\"async\" class=\"alignnone size-thumbnail wp-image-875\" src=\"http:\/\/www.metallbau-lang.at\/wordpress\/wp-content\/uploads\/2020\/10\/metallbaulang201803260064-150x150.jpg\" alt=\"\" width=\"150\" height=\"150\" \/><\/a> <a href=\"http:\/\/www.metallbau-lang.at\/wordpress\/wp-content\/uploads\/2020\/10\/metallbaulang201803260063.jpg\"><img loading=\"lazy\" decoding=\"async\" class=\"alignnone size-thumbnail wp-image-874\" src=\"http:\/\/www.metallbau-lang.at\/wordpress\/wp-content\/uploads\/2020\/10\/metallbaulang201803260063-150x150.jpg\" alt=\"\" width=\"150\" height=\"150\" \/><\/a><a href=\"http:\/\/www.metallbau-lang.at\/wordpress\/wp-content\/uploads\/2020\/10\/metallbaulang201803260065.jpg\"><img loading=\"lazy\" decoding=\"async\" class=\"size-thumbnail wp-image-876\" src=\"http:\/\/www.metallbau-lang.at\/wordpress\/wp-content\/uploads\/2020\/10\/metallbaulang201803260065-150x150.jpg\" alt=\"\" width=\"150\" height=\"150\" \/><\/a><\/h1>\n<hr \/>\n<p>Der Gr\u00fcnder der Firma LANG, Ernst Lang, wurde am 15. Juni 1889 geboren. Er meldete im Jahre 1921, nach Lehr-und Wanderjahren in den St\u00e4dten Frankfurt, Berlin und Salzburg, das Schlossergewerbe mit dem Sitz in der M\u00fcllner Hauptstra\u00dfe 17 an. Sein Arbeitsbereich umfasste vorwiegend Kunstschlosserarbeiten und Reparaturen. Nach dem 2. Weltkrieg wurden auch Bauschlosserarbeiten durchgef\u00fchrt. F\u00fcr diese gr\u00f6\u00dferen Arbeiten wurde die Werkstatt in M\u00fclln zu klein; deshalb wurde der Betrieb 1954 in die Burgfriedgasse 6 verlegt, wo er heute noch steht.<\/p>\n<p>Nach diversen Um- und Ausbauten \u00fcbernahm 1965 der Sohn Ing. Ernst Lang den Betrieb. Er befasste sich zu Beginn vorwiegend mit Arbeiten aus der Kunstschlosserei und noch heute sind zahlreiche Produkte seiner Werkstatt in Salzburger Kirchen, als Steckschilder und in Form von Metallplastiken zu finden.<\/p>\n<p>Um dem Zug der Zeit gerecht zu werden, befasste sich der studierte Maschinenbauer mit den technischen Problemen im Bereich der Schlosserei und entwickelte seine Werkst\u00e4tte zu einem spezialisierten Unternehmen im Bereich der Torautomatisierung .<\/p>\n<p>Im Jahre 1984 traten, nunmehr die 3. Generation, die beiden S\u00f6hne Mag. Bernd Lang und Ing. Eckehard Lang als Mitarbeiter in den Betrieb ein. Bernd Lang studierte Betriebswissenschaft, Eckehard Lang absolvierte die Fachschule f\u00fcr Maschinenbau und die HTL f\u00fcr Betriebstechnik; beide legten die Meisterpr\u00fcfung f\u00fcr das Schlossergewerbe ab.<\/p>\n<p>Seit 1993 f\u00fchrt Ing. Eckehard Lang den Betrieb alleine und ist bestrebt, in allen Bereichen der Schlosserei besondere Schwerpunkte zu setzen, wie zum Beispiel in der Torherstellung und der Automatisierung von Kipp-, Hub-, Roll-, Sektional-, und Falttoren sowie in der Anfertigung von Winterg\u00e4rten. Dem Bauverst\u00e4ndnis unserer Zeit entsprechend, werden Alufassaden, Aluportale, NIROSTA &#8211; Arbeiten und verwandte Produkte im 12 Mann-Betrieb nach Ma\u00df hergestellt.<\/p>\n","protected":false},"excerpt":{"rendered":"<p>Der Gr\u00fcnder der Firma LANG, Ernst Lang, wurde am 15. Juni 1889 geboren. Er meldete im Jahre 1921, nach Lehr-und Wanderjahren in den St\u00e4dten Frankfurt, Berlin und Salzburg, das Schlossergewerbe mit dem Sitz in der M\u00fcllner Hauptstra\u00dfe 17 an. Sein Arbeitsbereich umfasste vorwiegend Kunstschlosserarbeiten und Reparaturen. Nach dem 2. Weltkrieg wurden auch Bauschlosserarbeiten durchgef\u00fchrt. F\u00fcr &hellip; <\/p>\n<p class=\"link-more\"><a href=\"http:\/\/www.metallbau-lang.at\/wordpress\/ueber-uns\/\" class=\"more-link\"><span class=\"screen-reader-text\">\u201e\u00dcber uns\u201c<\/span> weiterlesen<\/a><\/p>\n","protected":false},"author":1,"featured_media":0,"parent":0,"menu_order":0,"comment_status":"closed","ping_status":"closed","template":"","meta":{"footnotes":""},"class_list":["post-5","page","type-page","status-publish","hentry"],"_links":{"self":[{"href":"http:\/\/www.metallbau-lang.at\/wordpress\/wp-json\/wp\/v2\/pages\/5","targetHints":{"allow":["GET"]}}],"collection":[{"href":"http:\/\/www.metallbau-lang.at\/wordpress\/wp-json\/wp\/v2\/pages"}],"about":[{"href":"http:\/\/www.metallbau-lang.at\/wordpress\/wp-json\/wp\/v2\/types\/page"}],"author":[{"embeddable":true,"href":"http:\/\/www.metallbau-lang.at\/wordpress\/wp-json\/wp\/v2\/users\/1"}],"replies":[{"embeddable":true,"href":"http:\/\/www.metallbau-lang.at\/wordpress\/wp-json\/wp\/v2\/comments?post=5"}],"version-history":[{"count":20,"href":"http:\/\/www.metallbau-lang.at\/wordpress\/wp-json\/wp\/v2\/pages\/5\/revisions"}],"predecessor-version":[{"id":1001,"href":"http:\/\/www.metallbau-lang.at\/wordpress\/wp-json\/wp\/v2\/pages\/5\/revisions\/1001"}],"wp:attachment":[{"href":"http:\/\/www.metallbau-lang.at\/wordpress\/wp-json\/wp\/v2\/media?parent=5"}],"curies":[{"name":"wp","href":"https:\/\/api.w.org\/{rel}","templated":true}]}}